{"id":136,"date":"2017-08-23T07:22:47","date_gmt":"2017-08-23T07:22:47","guid":{"rendered":"https:\/\/cyclonethemes.com\/demo_staging\/hotelica-pro\/?page_id=136"},"modified":"2021-02-06T23:45:20","modified_gmt":"2021-02-06T22:45:20","slug":"testimonials","status":"publish","type":"page","link":"https:\/\/www.hotel-alize-cannes.fr\/en\/testimonials\/","title":{"rendered":"Mentions l\u00e9gales"},"content":{"rendered":"<p>\u00c9diteur<br \/>\nLe site internet accessible, notamment, \u00e0 l\u2019adresse www.hotel-alize-cannes.fr<br \/>\n(ci-apr\u00e8s : le \u00ab Site \u00bb) est \u00e9dit\u00e9 par la soci\u00e9t\u00e9 AZUR ALIZE, SARL.U au capital social de 1000 \u20ac , immatricul\u00e9e au Registre du Tribunal de Commerce de Cannes sous le num\u00e9ro 532 129 608 00024 et dont le si\u00e8ge social est au 29 Rue Bivouac Napol\u00e9on \u2013 06400 Cannes; num\u00e9ro de t\u00e9l\u00e9phone 04 97 06 64 64 (ci-apr\u00e8s d\u00e9nomm\u00e9e \u00abH\u00f4tel Alize \u00bb).<br \/>\nLe Site est cr\u00e9\u00e9 par l&#8217;Agence Twelty by KEYIKO, situ\u00e9e chez LC 21 rue saint philippe, 06000 Nice ; num\u00e9ro de t\u00e9l\u00e9phone : +33 (0)7 67 80 53 65.<br \/>\nSite officiel : www.agencetwelty.com \u2013 Directeur de la publication : Fangnigbe Loic<\/p>\n<p>L\u2019acc\u00e8s au Site ainsi que l\u2019utilisation de son contenu s\u2019effectuent dans le cadre des mentions d\u2019utilisation d\u00e9crites ci-apr\u00e8s. Le fait d\u2019acc\u00e9der et de naviguer sur le Site constitue de la part de l\u2019internaute une acceptation sans r\u00e9serve des pr\u00e9cisions suivantes :<br \/>\nPropri\u00e9t\u00e9 intellectuelle<br \/>\nLe Site dans son ensemble, ainsi que chacun des \u00e9l\u00e9ments qui le composent (notamment, textes, sch\u00e9mas, arborescences, logiciels, animations, images, photographies, illustrations, vid\u00e9os, repr\u00e9sentations graphiques ou \u00e9ditoriales, logos, etc.) constituent des \u0153uvres de l\u2019esprit prot\u00e9g\u00e9s par le Code de la propri\u00e9t\u00e9 intellectuelle ainsi que par toute autre l\u00e9gislation internationale applicable.<br \/>\nH\u00f4tel Alize est seule habilit\u00e9e (directement ou par l\u2019effet de licences ou autorisations) \u00e0 utiliser les \u00e9l\u00e9ments composant le Site, les noms de domaine, les marques, mod\u00e8les, etc. ainsi que les images et contenus \u00e9ditoriaux qui y sont reproduits.<br \/>\nL\u2019usage de tout ou partie du Site, notamment par t\u00e9l\u00e9chargement, reproduction, transmission, repr\u00e9sentation ou diffusion \u00e0 d\u2019autres fins que la consultation et l\u2019utilisation du Site \u00e0 titre personnel et priv\u00e9 par l\u2019internaute dans un but non commercial est strictement interdit. La violation de ces dispositions expose son auteur aux sanctions pr\u00e9vues tant par le Code de la propri\u00e9t\u00e9 intellectuelle au titre notamment de la contrefa\u00e7on de droits d\u2019auteur, de droit de marques que par le Code civil en mati\u00e8re de responsabilit\u00e9 civile.<br \/>\nLa cr\u00e9ation de tout lien hypertexte renvoyant \u00e0 l\u2019une quelconque des pages web ou \u00e9l\u00e9ments composant le Site est interdite sauf autorisation \u00e9crite et pr\u00e9alable de H\u00f4tel Alize, laquelle autorisation pouvant \u00eatre r\u00e9voqu\u00e9e \u00e0 tout moment. Tout contenu, site internet ou autre ayant un lien hypertexte dirigeant vers le Site ou vers l\u2019un quelconque des \u00e9l\u00e9ments qui le composent ne sont pas sous le contr\u00f4le de H\u00f4tel Alize et celle-ci d\u00e9cline par cons\u00e9quent toute responsabilit\u00e9 (notamment, \u00e9ditoriale) concernant l\u2019acc\u00e8s \u00e0 ces sites et leur contenu.<br \/>\nDisponibilit\u00e9 du site<br \/>\nH\u00f4tel Alize s\u2019efforce, dans la mesure du possible, de maintenir accessible de mani\u00e8re permanente le Site, mais n\u2019est tenue \u00e0 aucune obligation d\u2019y parvenir. H\u00f4tel Alize peut donc interrompre l\u2019acc\u00e8s au Site, notamment pour des raisons de maintenance ou de mise \u00e0 jour, ou pour toutes autres raisons, notamment techniques ou \u00e9ditoriales et ce, sans pr\u00e9avis ni information pr\u00e9alable des internautes, sans que H\u00f4tel Alize ne puisse \u00eatre tenue pour responsable des cons\u00e9quences de ces interruptions aussi bien \u00e0 l\u2019\u00e9gard des internautes que de tout tiers.<br \/>\nPar ailleurs, H\u00f4tel Alize ne saurait \u00eatre tenue pour responsable si des internautes ne parvenaient pas \u00e0 acc\u00e9der \u00e0 tout ou partie du Site du fait de tout d\u00e9faut technique ou de tout probl\u00e8me notamment et non limitativement li\u00e9 \u00e0 :<br \/>\n\u2022 une d\u00e9faillance et\/ou un encombrement du r\u00e9seau Internet,<br \/>\n\u2022 une d\u00e9faillance des fournisseurs d\u2019acc\u00e8s Internet,<br \/>\n\u2022 une erreur humaine ou d\u2019origine \u00e9lectrique,<br \/>\n\u2022 toute intervention malveillante,<br \/>\n\u2022 tous dysfonctionnements de logiciel ou de mat\u00e9riel,<br \/>\n\u2022 un cas de force majeure.<br \/>\nResponsabilit\u00e9<br \/>\nH\u00f4tel Alize s\u2019efforce d\u2019assurer au mieux de ses possibilit\u00e9s l\u2019exactitude et la mise \u00e0 jour des informations diffus\u00e9es sur le Site, dont elle se r\u00e9serve le droit de modifier, \u00e0 tout moment et sans pr\u00e9avis, le contenu.<br \/>\nToutefois, H\u00f4tel Alize ne peut garantir l\u2019exactitude, la pr\u00e9cision et l\u2019exhaustivit\u00e9 des informations mises \u00e0 disposition sur le Site, lesquelles informations ne constituent ni une garantie ni un engagement de la part de H\u00f4tel Alize \u00e0 l\u2019\u00e9gard de l\u2019internaute. En particulier, cette derni\u00e8re ne saurait \u00eatre tenue pour responsable :<br \/>\n\u2022 de toute impr\u00e9cision, inexactitude ou omission desdites informations ;<br \/>\n\u2022 de tout dommage \u00e9ventuel r\u00e9sultant d\u2019une intrusion informatique d\u2019un tiers ayant entra\u00een\u00e9 une modification desdites informations ;<br \/>\n\u2022 et, plus g\u00e9n\u00e9ralement, de tous dommages, directs ou indirects, qu\u2019elles qu\u2019en soient les causes, origines, natures et cons\u00e9quences, li\u00e9es \u00e0 l\u2019acc\u00e8s (ou \u00e0 l\u2019impossibilit\u00e9 d\u2019acc\u00e9der au Site), au contenu, \u00e0 l\u2019utilisation du Site et\/ou au cr\u00e9dit accord\u00e9 \u00e0 une quelconque information provenant de ce dernier<\/p>\n","protected":false},"excerpt":{"rendered":"<p>\u00c9diteur Le site internet accessible, notamment, \u00e0 l\u2019adresse www.hotel-alize-cannes.fr (ci-apr\u00e8s : le \u00ab Site \u00bb) est \u00e9dit\u00e9 par la soci\u00e9t\u00e9 AZUR ALIZE, SARL.U au capital social de 1000 \u20ac , immatricul\u00e9e au Registre du Tribunal de Commerce de Cannes sous le num\u00e9ro 532 129 608 00024 et dont le si\u00e8ge social est au 29 Rue [&hellip;]<\/p>\n","protected":false},"author":4,"featured_media":0,"parent":0,"menu_order":0,"comment_status":"closed","ping_status":"closed","template":"","meta":{"_acf_changed":false,"_monsterinsights_skip_tracking":false,"_monsterinsights_sitenote_active":false,"_monsterinsights_sitenote_note":"","_monsterinsights_sitenote_category":0,"footnotes":""},"class_list":["post-136","page","type-page","status-publish","hentry"],"acf":[],"yoast_head":"<!-- This site is optimized with the Yoast SEO plugin v24.0 - https:\/\/yoast.com\/wordpress\/plugins\/seo\/ -->\n<title>Mentions l\u00e9gales - H\u00f4tel Alize Cannes | Site Officiel<\/title>\n<meta name=\"robots\" content=\"index, follow, max-snippet:-1, max-image-preview:large, max-video-preview:-1\" \/>\n<link rel=\"canonical\" href=\"https:\/\/www.hotel-alize-cannes.fr\/en\/testimonials\/\" \/>\n<meta property=\"og:locale\" content=\"en_US\" \/>\n<meta property=\"og:locale:alternate\" content=\"fr_FR\" \/>\n<meta property=\"og:type\" content=\"article\" \/>\n<meta property=\"og:title\" content=\"Mentions l\u00e9gales - H\u00f4tel Alize Cannes | Site Officiel\" \/>\n<meta property=\"og:description\" content=\"\u00c9diteur Le site internet accessible, notamment, \u00e0 l\u2019adresse www.hotel-alize-cannes.fr (ci-apr\u00e8s : le \u00ab Site \u00bb) est \u00e9dit\u00e9 par la soci\u00e9t\u00e9 AZUR ALIZE, SARL.U au capital social de 1000 \u20ac , immatricul\u00e9e au Registre du Tribunal de Commerce de Cannes sous le num\u00e9ro 532 129 608 00024 et dont le si\u00e8ge social est au 29 Rue [&hellip;]\" \/>\n<meta property=\"og:url\" content=\"https:\/\/www.hotel-alize-cannes.fr\/en\/testimonials\/\" \/>\n<meta property=\"og:site_name\" content=\"H\u00f4tel Alize Cannes | Site Officiel\" \/>\n<meta property=\"article:modified_time\" content=\"2021-02-06T22:45:20+00:00\" \/>\n<meta name=\"twitter:card\" content=\"summary_large_image\" \/>\n<meta name=\"twitter:label1\" content=\"Est. reading time\" \/>\n\t<meta name=\"twitter:data1\" content=\"4 minutes\" \/>\n<script type=\"application\/ld+json\" class=\"yoast-schema-graph\">{\"@context\":\"https:\/\/schema.org\",\"@graph\":[{\"@type\":\"WebPage\",\"@id\":\"https:\/\/www.hotel-alize-cannes.fr\/testimonials\/\",\"url\":\"https:\/\/www.hotel-alize-cannes.fr\/testimonials\/\",\"name\":\"Mentions l\u00e9gales - H\u00f4tel Alize Cannes | Site Officiel\",\"isPartOf\":{\"@id\":\"https:\/\/www.hotel-alize-cannes.fr\/#website\"},\"datePublished\":\"2017-08-23T07:22:47+00:00\",\"dateModified\":\"2021-02-06T22:45:20+00:00\",\"breadcrumb\":{\"@id\":\"https:\/\/www.hotel-alize-cannes.fr\/testimonials\/#breadcrumb\"},\"inLanguage\":\"en-US\",\"potentialAction\":[{\"@type\":\"ReadAction\",\"target\":[\"https:\/\/www.hotel-alize-cannes.fr\/testimonials\/\"]}]},{\"@type\":\"BreadcrumbList\",\"@id\":\"https:\/\/www.hotel-alize-cannes.fr\/testimonials\/#breadcrumb\",\"itemListElement\":[{\"@type\":\"ListItem\",\"position\":1,\"name\":\"Accueil\",\"item\":\"https:\/\/www.hotel-alize-cannes.fr\/\"},{\"@type\":\"ListItem\",\"position\":2,\"name\":\"Mentions l\u00e9gales\"}]},{\"@type\":\"WebSite\",\"@id\":\"https:\/\/www.hotel-alize-cannes.fr\/#website\",\"url\":\"https:\/\/www.hotel-alize-cannes.fr\/\",\"name\":\"H\u00f4tel Alize Cannes | Site Officiel\",\"description\":\"H\u00f4tel convivial, enti\u00e8rement r\u00e9nov\u00e9 au coeur de cannes\",\"publisher\":{\"@id\":\"https:\/\/www.hotel-alize-cannes.fr\/#organization\"},\"potentialAction\":[{\"@type\":\"SearchAction\",\"target\":{\"@type\":\"EntryPoint\",\"urlTemplate\":\"https:\/\/www.hotel-alize-cannes.fr\/?s={search_term_string}\"},\"query-input\":{\"@type\":\"PropertyValueSpecification\",\"valueRequired\":true,\"valueName\":\"search_term_string\"}}],\"inLanguage\":\"en-US\"},{\"@type\":\"Organization\",\"@id\":\"https:\/\/www.hotel-alize-cannes.fr\/#organization\",\"name\":\"H\u00f4tel aliz\u00e9 cannes\",\"url\":\"https:\/\/www.hotel-alize-cannes.fr\/\",\"logo\":{\"@type\":\"ImageObject\",\"inLanguage\":\"en-US\",\"@id\":\"https:\/\/www.hotel-alize-cannes.fr\/#\/schema\/logo\/image\/\",\"url\":\"https:\/\/www.hotel-alize-cannes.fr\/wp-content\/uploads\/2019\/06\/Alize_hotel_BN.png\",\"contentUrl\":\"https:\/\/www.hotel-alize-cannes.fr\/wp-content\/uploads\/2019\/06\/Alize_hotel_BN.png\",\"width\":691,\"height\":223,\"caption\":\"H\u00f4tel aliz\u00e9 cannes\"},\"image\":{\"@id\":\"https:\/\/www.hotel-alize-cannes.fr\/#\/schema\/logo\/image\/\"}}]}<\/script>\n<!-- \/ Yoast SEO plugin. -->","yoast_head_json":{"title":"Mentions l\u00e9gales - H\u00f4tel Alize Cannes | Site Officiel","robots":{"index":"index","follow":"follow","max-snippet":"max-snippet:-1","max-image-preview":"max-image-preview:large","max-video-preview":"max-video-preview:-1"},"canonical":"https:\/\/www.hotel-alize-cannes.fr\/en\/testimonials\/","og_locale":"en_US","og_type":"article","og_title":"Mentions l\u00e9gales - H\u00f4tel Alize Cannes | Site Officiel","og_description":"\u00c9diteur Le site internet accessible, notamment, \u00e0 l\u2019adresse www.hotel-alize-cannes.fr (ci-apr\u00e8s : le \u00ab Site \u00bb) est \u00e9dit\u00e9 par la soci\u00e9t\u00e9 AZUR ALIZE, SARL.U au capital social de 1000 \u20ac , immatricul\u00e9e au Registre du Tribunal de Commerce de Cannes sous le num\u00e9ro 532 129 608 00024 et dont le si\u00e8ge social est au 29 Rue [&hellip;]","og_url":"https:\/\/www.hotel-alize-cannes.fr\/en\/testimonials\/","og_site_name":"H\u00f4tel Alize Cannes | Site Officiel","article_modified_time":"2021-02-06T22:45:20+00:00","twitter_card":"summary_large_image","twitter_misc":{"Est. reading time":"4 minutes"},"schema":{"@context":"https:\/\/schema.org","@graph":[{"@type":"WebPage","@id":"https:\/\/www.hotel-alize-cannes.fr\/testimonials\/","url":"https:\/\/www.hotel-alize-cannes.fr\/testimonials\/","name":"Mentions l\u00e9gales - H\u00f4tel Alize Cannes | Site Officiel","isPartOf":{"@id":"https:\/\/www.hotel-alize-cannes.fr\/#website"},"datePublished":"2017-08-23T07:22:47+00:00","dateModified":"2021-02-06T22:45:20+00:00","breadcrumb":{"@id":"https:\/\/www.hotel-alize-cannes.fr\/testimonials\/#breadcrumb"},"inLanguage":"en-US","potentialAction":[{"@type":"ReadAction","target":["https:\/\/www.hotel-alize-cannes.fr\/testimonials\/"]}]},{"@type":"BreadcrumbList","@id":"https:\/\/www.hotel-alize-cannes.fr\/testimonials\/#breadcrumb","itemListElement":[{"@type":"ListItem","position":1,"name":"Accueil","item":"https:\/\/www.hotel-alize-cannes.fr\/"},{"@type":"ListItem","position":2,"name":"Mentions l\u00e9gales"}]},{"@type":"WebSite","@id":"https:\/\/www.hotel-alize-cannes.fr\/#website","url":"https:\/\/www.hotel-alize-cannes.fr\/","name":"H\u00f4tel Alize Cannes | Site Officiel","description":"H\u00f4tel convivial, enti\u00e8rement r\u00e9nov\u00e9 au coeur de cannes","publisher":{"@id":"https:\/\/www.hotel-alize-cannes.fr\/#organization"},"potentialAction":[{"@type":"SearchAction","target":{"@type":"EntryPoint","urlTemplate":"https:\/\/www.hotel-alize-cannes.fr\/?s={search_term_string}"},"query-input":{"@type":"PropertyValueSpecification","valueRequired":true,"valueName":"search_term_string"}}],"inLanguage":"en-US"},{"@type":"Organization","@id":"https:\/\/www.hotel-alize-cannes.fr\/#organization","name":"H\u00f4tel aliz\u00e9 cannes","url":"https:\/\/www.hotel-alize-cannes.fr\/","logo":{"@type":"ImageObject","inLanguage":"en-US","@id":"https:\/\/www.hotel-alize-cannes.fr\/#\/schema\/logo\/image\/","url":"https:\/\/www.hotel-alize-cannes.fr\/wp-content\/uploads\/2019\/06\/Alize_hotel_BN.png","contentUrl":"https:\/\/www.hotel-alize-cannes.fr\/wp-content\/uploads\/2019\/06\/Alize_hotel_BN.png","width":691,"height":223,"caption":"H\u00f4tel aliz\u00e9 cannes"},"image":{"@id":"https:\/\/www.hotel-alize-cannes.fr\/#\/schema\/logo\/image\/"}}]}},"_links":{"self":[{"href":"https:\/\/www.hotel-alize-cannes.fr\/en\/wp-json\/wp\/v2\/pages\/136","targetHints":{"allow":["GET"]}}],"collection":[{"href":"https:\/\/www.hotel-alize-cannes.fr\/en\/wp-json\/wp\/v2\/pages"}],"about":[{"href":"https:\/\/www.hotel-alize-cannes.fr\/en\/wp-json\/wp\/v2\/types\/page"}],"author":[{"embeddable":true,"href":"https:\/\/www.hotel-alize-cannes.fr\/en\/wp-json\/wp\/v2\/users\/4"}],"replies":[{"embeddable":true,"href":"https:\/\/www.hotel-alize-cannes.fr\/en\/wp-json\/wp\/v2\/comments?post=136"}],"version-history":[{"count":10,"href":"https:\/\/www.hotel-alize-cannes.fr\/en\/wp-json\/wp\/v2\/pages\/136\/revisions"}],"predecessor-version":[{"id":2207,"href":"https:\/\/www.hotel-alize-cannes.fr\/en\/wp-json\/wp\/v2\/pages\/136\/revisions\/2207"}],"wp:attachment":[{"href":"https:\/\/www.hotel-alize-cannes.fr\/en\/wp-json\/wp\/v2\/media?parent=136"}],"curies":[{"name":"wp","href":"https:\/\/api.w.org\/{rel}","templated":true}]}}